{"id":4013,"date":"2025-10-09T03:46:47","date_gmt":"2025-10-09T03:46:47","guid":{"rendered":"https:\/\/rework.rapiddweller.com\/unsere-vertrauenswuerdigen-technologiepartnerschaften\/"},"modified":"2025-11-10T14:05:33","modified_gmt":"2025-11-10T14:05:33","slug":"partnerships","status":"publish","type":"page","link":"https:\/\/rapiddweller.com\/de\/partnerships\/","title":{"rendered":"Unsere vertrauensw\u00fcrdigen Partnerschaften"},"content":{"rendered":"\t\t<div data-elementor-type=\"wp-page\" data-elementor-id=\"4013\" class=\"elementor elementor-4013 elementor-893\" data-elementor-post-type=\"page\">\n\t\t\t\t<div class=\"elementor-element elementor-element-ed1cea4 e-con-full e-flex e-con e-parent\" data-id=\"ed1cea4\" data-element_type=\"container\" data-e-type=\"container\">\n\t\t<div class=\"elementor-element elementor-element-13c204e e-flex e-con-boxed e-con e-child\" data-id=\"13c204e\" data-element_type=\"container\" data-e-type=\"container\" data-settings=\"{&quot;background_background&quot;:&quot;classic&quot;}\">\n\t\t\t\t\t<div class=\"e-con-inner\">\n\t\t<div class=\"elementor-element elementor-element-963c425 e-con-full e-flex elementor-invisible e-con e-child\" data-id=\"963c425\" data-element_type=\"container\" data-e-type=\"container\" data-settings=\"{&quot;animation&quot;:&quot;fadeIn&quot;}\">\n\t\t\t\t<div class=\"elementor-element elementor-element-773fb37 gradient-title-turquoise-light elementor-widget elementor-widget-heading\" data-id=\"773fb37\" data-element_type=\"widget\" data-e-type=\"widget\" data-widget_type=\"heading.default\">\n\t\t\t\t\t<h1 class=\"elementor-heading-title elementor-size-default\">Unsere gesch\u00e4tzten Partner <\/h1>\t\t\t\t<\/div>\n\t\t\t\t<div class=\"elementor-element elementor-element-782eea9 elementor-widget__width-initial elementor-widget elementor-widget-text-editor\" data-id=\"782eea9\" data-element_type=\"widget\" data-e-type=\"widget\" data-widget_type=\"text-editor.default\">\n\t\t\t\t\t\t\t\t\tInnovation durch vertrauensvolle Partnerschaften in Software und Daten\t\t\t\t\t\t\t\t<\/div>\n\t\t\t\t<\/div>\n\t\t\t\t<div class=\"elementor-element elementor-element-aa6a68f elementor-widget__width-initial elementor-widget-mobile__width-inherit elementor-invisible elementor-widget elementor-widget-text-editor\" data-id=\"aa6a68f\" data-element_type=\"widget\" data-e-type=\"widget\" data-settings=\"{&quot;_animation_delay&quot;:&quot;100&quot;,&quot;_animation&quot;:&quot;fadeInDown&quot;}\" data-widget_type=\"text-editor.default\">\n\t\t\t\t\t\t\t\t\t<div class=\"wp-block-column is-layout-flow wp-block-column-is-layout-flow\"><p class=\"has-text-align-center\">Unsere Wirkung ist mehr als nur eine Zahl \u2013 sie ist ein klares Signal daf\u00fcr, dass die Ziele unserer Partner und unsere Leistungen vollst\u00e4ndig \u00fcbereinstimmen. Gemeinsam beschleunigen wir Qualit\u00e4t ab der ersten Codezeile mit <strong data-start=\"724\" data-end=\"757\">DATAMIMIC \u2013 unsere Testdatenl\u00f6sungen<\/strong> und weiteren Produkten von rapiddweller, unterst\u00fctzt von einem globalen Engineering-Team, das von Ergebnissen und langfristigen Technologiepartnerschaften begeistert ist.<br><br> <\/p><\/div>\t\t\t\t\t\t\t\t<\/div>\n\t\t\t\t\t<\/div>\n\t\t\t\t<\/div>\n\t\t<div class=\"elementor-element elementor-element-728e4ae e-flex e-con-boxed e-con e-child\" data-id=\"728e4ae\" data-element_type=\"container\" data-e-type=\"container\" data-settings=\"{&quot;background_background&quot;:&quot;classic&quot;}\">\n\t\t\t\t\t<div class=\"e-con-inner\">\n\t\t<div class=\"elementor-element elementor-element-9f113ee e-con-full e-flex e-con e-child\" data-id=\"9f113ee\" data-element_type=\"container\" data-e-type=\"container\">\n\t\t\t\t<div class=\"elementor-element elementor-element-5728ad7 gradient-title-turquoise-dark elementor-widget elementor-widget-heading\" data-id=\"5728ad7\" data-element_type=\"widget\" data-e-type=\"widget\" data-widget_type=\"heading.default\">\n\t\t\t\t\t<h2 class=\"elementor-heading-title elementor-size-default\">Gemeinsam zum Erfolg: Partnerschaften, die bewegen<\/h2>\t\t\t\t<\/div>\n\t\t\t\t<div class=\"elementor-element elementor-element-e17c2c5 elementor-widget__width-initial elementor-widget elementor-widget-text-editor\" data-id=\"e17c2c5\" data-element_type=\"widget\" data-e-type=\"widget\" data-widget_type=\"text-editor.default\">\n\t\t\t\t\t\t\t\t\t<p data-start=\"1029\" data-end=\"1637\">rapiddweller f\u00fchlt sich geehrt, mit renommierten Technologiepartnern zusammenzuarbeiten, die unsere Leidenschaft f\u00fcr <strong data-start=\"1185\" data-end=\"1238\">Exzellenz und Innovation in der Softwareentwicklung, im Testing und im Datenmanagement<\/strong> teilen. Unsere Mission ist es, erstklassige L\u00f6sungen, Produkte und Dienstleistungen bereitzustellen, die unsere Kunden bef\u00e4higen, in ihren Branchen erfolgreich zu sein. Ihr Vertrauen in rapiddweller ist eine starke Best\u00e4tigung der Qualit\u00e4t, Zuverl\u00e4ssigkeit und des Engagements, die wir in jede Partnerschaft einbringen. Gerne teilen wir ihre Einblicke und Empfehlungen als Beleg f\u00fcr die St\u00e4rke unserer Zusammenarbeit und unsere Rolle als <strong data-start=\"1608\" data-end=\"1636\">vertrauensw\u00fcrdiger Softwarepartner.<\/strong><\/p>\t\t\t\t\t\t\t\t<\/div>\n\t\t\t\t<\/div>\n\t\t\t\t<div class=\"elementor-element elementor-element-206642d elementor-widget__width-initial elementor-widget elementor-widget-image\" data-id=\"206642d\" data-element_type=\"widget\" data-e-type=\"widget\" data-widget_type=\"image.default\">\n\t\t\t\t\t\t\t\t\t\t\t\t\t\t\t<img fetchpriority=\"high\" decoding=\"async\" width=\"2560\" height=\"1951\" src=\"https:\/\/rapiddweller.com\/wp-content\/uploads\/sites\/12\/2025\/10\/FAQ-Hero.jpg\" class=\"attachment-full size-full wp-image-3984\" alt=\"\" srcset=\"https:\/\/rapiddweller.com\/wp-content\/uploads\/sites\/12\/2025\/10\/FAQ-Hero.jpg 2560w, https:\/\/rapiddweller.com\/wp-content\/uploads\/sites\/12\/2025\/10\/FAQ-Hero-300x229.jpg 300w, https:\/\/rapiddweller.com\/wp-content\/uploads\/sites\/12\/2025\/10\/FAQ-Hero-1024x780.jpg 1024w, https:\/\/rapiddweller.com\/wp-content\/uploads\/sites\/12\/2025\/10\/FAQ-Hero-768x585.jpg 768w, https:\/\/rapiddweller.com\/wp-content\/uploads\/sites\/12\/2025\/10\/FAQ-Hero-1536x1171.jpg 1536w, https:\/\/rapiddweller.com\/wp-content\/uploads\/sites\/12\/2025\/10\/FAQ-Hero-2048x1561.jpg 2048w\" sizes=\"(max-width: 2560px) 100vw, 2560px\" \/>\t\t\t\t\t\t\t\t\t\t\t\t\t\t\t<\/div>\n\t\t\t\t\t<\/div>\n\t\t\t\t<\/div>\n\t\t<div class=\"elementor-element elementor-element-0cd4ae2 e-flex e-con-boxed e-con e-child\" data-id=\"0cd4ae2\" data-element_type=\"container\" data-e-type=\"container\" data-settings=\"{&quot;background_background&quot;:&quot;classic&quot;}\">\n\t\t\t\t\t<div class=\"e-con-inner\">\n\t\t\t\t<div class=\"elementor-element elementor-element-5e8b0b8 gradient-title-turquoise-light elementor-widget elementor-widget-heading\" data-id=\"5e8b0b8\" data-element_type=\"widget\" data-e-type=\"widget\" data-widget_type=\"heading.default\">\n\t\t\t\t\t<h2 class=\"elementor-heading-title elementor-size-default\">Unsere Partner\n<\/h2>\t\t\t\t<\/div>\n\t\t<div class=\"elementor-element elementor-element-8089f82 e-con-full e-flex e-con e-child\" data-id=\"8089f82\" data-element_type=\"container\" data-e-type=\"container\">\n\t\t<div class=\"elementor-element elementor-element-0221397 e-con-full e-flex e-con e-child\" data-id=\"0221397\" data-element_type=\"container\" data-e-type=\"container\">\n\t\t\t\t<div class=\"elementor-element elementor-element-1bb56a9 elementor-widget elementor-widget-image\" data-id=\"1bb56a9\" data-element_type=\"widget\" data-e-type=\"widget\" data-widget_type=\"image.default\">\n\t\t\t\t\t\t\t\t\t\t\t\t\t\t\t\t<a href=\"https:\/\/ttcglobal.com\/\" target=\"_blank\">\n\t\t\t\t\t\t\t<img decoding=\"async\" width=\"1104\" height=\"736\" src=\"https:\/\/rapiddweller.com\/wp-content\/uploads\/sites\/12\/2025\/10\/ttc.webp\" class=\"attachment-full size-full wp-image-4015\" alt=\"\" srcset=\"https:\/\/rapiddweller.com\/wp-content\/uploads\/sites\/12\/2025\/10\/ttc.webp 1104w, https:\/\/rapiddweller.com\/wp-content\/uploads\/sites\/12\/2025\/10\/ttc-300x200.webp 300w, https:\/\/rapiddweller.com\/wp-content\/uploads\/sites\/12\/2025\/10\/ttc-1024x683.webp 1024w, https:\/\/rapiddweller.com\/wp-content\/uploads\/sites\/12\/2025\/10\/ttc-768x512.webp 768w\" sizes=\"(max-width: 1104px) 100vw, 1104px\" \/>\t\t\t\t\t\t\t\t<\/a>\n\t\t\t\t\t\t\t\t\t\t\t\t\t\t\t<\/div>\n\t\t\t\t<div class=\"elementor-element elementor-element-554fd45 elementor-widget elementor-widget-text-editor\" data-id=\"554fd45\" data-element_type=\"widget\" data-e-type=\"widget\" data-widget_type=\"text-editor.default\">\n\t\t\t\t\t\t\t\t\t<p>TTC ist ein <strong data-start=\"1749\" data-end=\"1804\">f\u00fchrender globaler Anbieter f\u00fcr Software Assurance und Quality Engineering<\/strong> mit dem prim\u00e4ren Ziel, die Art und Weise zu revolutionieren, wie Organisationen Technologie liefern. \u00dcber ein breites Spektrum von Delivery-Bereichen hinweg bef\u00e4higt TTC seine Kunden, die Geschwindigkeit und Qualit\u00e4t der Technologieentwicklung zu steigern und gleichzeitig Risiken und Kosten zu senken. Dabei setzt TTC auf innovative Softwarel\u00f6sungen von rapiddweller \u2013 wie <strong data-start=\"2132\" data-end=\"2145\">BENERATOR<\/strong> und <strong data-start=\"2150\" data-end=\"2212\">DATAMIMIC<\/strong> als L\u00f6sung f\u00fcr synthetische Testdaten \u2013, um herausragende Ergebnisse zu erzielen und Exzellenz in der Softwareauslieferung zu f\u00f6rdern.<\/p>\t\t\t\t\t\t\t\t<\/div>\n\t\t\t\t<\/div>\n\t\t<div class=\"elementor-element elementor-element-eebae4d e-con-full e-flex e-con e-child\" data-id=\"eebae4d\" data-element_type=\"container\" data-e-type=\"container\">\n\t\t\t\t<div class=\"elementor-element elementor-element-5fb2dcc elementor-widget elementor-widget-image\" data-id=\"5fb2dcc\" data-element_type=\"widget\" data-e-type=\"widget\" data-widget_type=\"image.default\">\n\t\t\t\t\t\t\t\t\t\t\t\t\t\t\t\t<a href=\"https:\/\/visable.com\/\" target=\"_blank\">\n\t\t\t\t\t\t\t<img decoding=\"async\" width=\"2048\" height=\"1536\" src=\"https:\/\/rapiddweller.com\/wp-content\/uploads\/sites\/12\/2025\/10\/visable.webp\" class=\"attachment-full size-full wp-image-4014\" alt=\"\" srcset=\"https:\/\/rapiddweller.com\/wp-content\/uploads\/sites\/12\/2025\/10\/visable.webp 2048w, https:\/\/rapiddweller.com\/wp-content\/uploads\/sites\/12\/2025\/10\/visable-300x225.webp 300w, https:\/\/rapiddweller.com\/wp-content\/uploads\/sites\/12\/2025\/10\/visable-1024x768.webp 1024w, https:\/\/rapiddweller.com\/wp-content\/uploads\/sites\/12\/2025\/10\/visable-768x576.webp 768w, https:\/\/rapiddweller.com\/wp-content\/uploads\/sites\/12\/2025\/10\/visable-1536x1152.webp 1536w\" sizes=\"(max-width: 2048px) 100vw, 2048px\" \/>\t\t\t\t\t\t\t\t<\/a>\n\t\t\t\t\t\t\t\t\t\t\t\t\t\t\t<\/div>\n\t\t\t\t<div class=\"elementor-element elementor-element-65655ba elementor-widget elementor-widget-text-editor\" data-id=\"65655ba\" data-element_type=\"widget\" data-e-type=\"widget\" data-widget_type=\"text-editor.default\">\n\t\t\t\t\t\t\t\t\t<p data-start=\"2320\" data-end=\"2910\">Visable, abgeleitet von \u201evisible\u201c und \u201eenable\u201c, widmet sich dem Ziel, den Gesch\u00e4ftserfolg zu st\u00e4rken und die Online-Sichtbarkeit zu verbessern. Als Spezialist f\u00fcr die Unterst\u00fctzung von KMUs, erweitert Visable deren Reichweite auf internationaler Ebene durch B2B-Plattformen und ma\u00dfgeschneiderte Online-Marketing-Services. Als gesch\u00e4tzter Partner unterst\u00fctzen wir von rapiddweller Visable mit innovativen digitalen Produkten wie <strong>technischer SEO-PageSpeed-Optimierung, <strong data-start=\"2718\" data-end=\"2758\">Cookie-Banner-Integration<\/strong><\/strong> und <strong data-start=\"2790\" data-end=\"2824\">eCommerce-Tracking-Integration<\/strong>, bereitgestellt von unserem globalen Webexpertenteam, um die B2B-Onlinepr\u00e4senz der Kundschaft zu st\u00e4rken.  <\/p>\t\t\t\t\t\t\t\t<\/div>\n\t\t\t\t<\/div>\n\t\t\t\t<\/div>\n\t\t\t\t\t<\/div>\n\t\t\t\t<\/div>\n\t\t<div class=\"elementor-element elementor-element-9dd4132 e-flex e-con-boxed e-con e-child\" data-id=\"9dd4132\" data-element_type=\"container\" data-e-type=\"container\" data-settings=\"{&quot;background_background&quot;:&quot;classic&quot;}\">\n\t\t\t\t\t<div class=\"e-con-inner\">\n\t\t<div class=\"elementor-element elementor-element-c714cb1 e-con-full e-flex e-con e-child\" data-id=\"c714cb1\" data-element_type=\"container\" data-e-type=\"container\">\n\t\t\t\t<div class=\"elementor-element elementor-element-a62a5df gradient-title-turquoise-dark elementor-widget elementor-widget-heading\" data-id=\"a62a5df\" data-element_type=\"widget\" data-e-type=\"widget\" data-widget_type=\"heading.default\">\n\t\t\t\t\t<h2 class=\"elementor-heading-title elementor-size-default\">Lassen Sie uns gemeinsam wachsen!<\/h2>\t\t\t\t<\/div>\n\t\t\t\t<div class=\"elementor-element elementor-element-01bed8c elementor-widget__width-initial elementor-widget elementor-widget-text-editor\" data-id=\"01bed8c\" data-element_type=\"widget\" data-e-type=\"widget\" data-widget_type=\"text-editor.default\">\n\t\t\t\t\t\t\t\t\t<p class=\"has-text-align-center\">Kontaktieren Sie uns gern \u2013 wir freuen uns auf den Austausch \u00fcber eine m\u00f6gliche Zusammenarbeit.<\/p>\t\t\t\t\t\t\t\t<\/div>\n\t\t\t\t<div class=\"elementor-element elementor-element-4f5e0ea elementor-align-justify elementor-widget elementor-widget-button\" data-id=\"4f5e0ea\" data-element_type=\"widget\" data-e-type=\"widget\" data-widget_type=\"button.default\">\n\t\t\t\t\t\t\t\t\t\t<a class=\"elementor-button elementor-button-link elementor-size-sm\" href=\"https:\/\/rapiddweller.com\/de\/kontaktseite\/\">\n\t\t\t\t\t\t<span class=\"elementor-button-content-wrapper\">\n\t\t\t\t\t\t\t\t\t<span class=\"elementor-button-text\">Gemeinsam stark<\/span>\n\t\t\t\t\t<\/span>\n\t\t\t\t\t<\/a>\n\t\t\t\t\t\t\t\t<\/div>\n\t\t\t\t<\/div>\n\t\t\t\t\t<\/div>\n\t\t\t\t<\/div>\n\t\t\t\t<\/div>\n\t\t\t\t<\/div>\n\t\t","protected":false},"excerpt":{"rendered":"<p>Unsere gesch\u00e4tzten Partner Innovation durch vertrauensvolle Partnerschaften in Software und Daten Unsere Wirkung ist mehr als nur eine Zahl \u2013 sie ist ein klares Signal daf\u00fcr, dass die Ziele unserer Partner und unsere Leistungen vollst\u00e4ndig \u00fcbereinstimmen. Gemeinsam beschleunigen wir Qualit\u00e4t ab der ersten Codezeile mit DATAMIMIC \u2013 unsere Testdatenl\u00f6sungen und weiteren Produkten von rapiddweller, unterst\u00fctzt [&hellip;]<\/p>\n","protected":false},"author":5,"featured_media":0,"parent":0,"menu_order":0,"comment_status":"closed","ping_status":"closed","template":"","meta":{"_acf_changed":false,"footnotes":""},"class_list":["post-4013","page","type-page","status-publish","hentry"],"acf":[],"yoast_head":"<title>Unsere Partnerschaften | rapiddweller<\/title>\n<meta name=\"description\" content=\"rapiddweller baut langfristige Technologiepartnerschaften auf, unterst\u00fctzt durch DATAMIMIC und Web-Expertise f\u00fcr Softwarequalit\u00e4t und SEO-Wachstum.\" \/>\n<meta name=\"robots\" content=\"index, follow, max-snippet:-1, max-image-preview:large, max-video-preview:-1\" \/>\n<link rel=\"canonical\" href=\"https:\/\/rapiddweller.com\/de\/partnerships\/\" \/>\n<meta property=\"og:locale\" content=\"de_DE\" \/>\n<meta property=\"og:type\" content=\"article\" \/>\n<meta property=\"og:title\" content=\"Unsere Partnerschaften | rapiddweller\" \/>\n<meta property=\"og:description\" content=\"rapiddweller baut langfristige Technologiepartnerschaften auf, unterst\u00fctzt durch DATAMIMIC und Web-Expertise f\u00fcr Softwarequalit\u00e4t und SEO-Wachstum.\" \/>\n<meta property=\"og:url\" content=\"https:\/\/rapiddweller.com\/de\/partnerships\/\" \/>\n<meta property=\"og:site_name\" content=\"rapiddweller\" \/>\n<meta property=\"article:modified_time\" content=\"2025-11-10T14:05:33+00:00\" \/>\n<meta property=\"og:image\" content=\"https:\/\/rapiddweller.com\/wp-content\/uploads\/sites\/12\/2025\/10\/FAQ-Hero.jpg\" \/>\n\t<meta property=\"og:image:width\" content=\"2560\" \/>\n\t<meta property=\"og:image:height\" content=\"1951\" \/>\n\t<meta property=\"og:image:type\" content=\"image\/jpeg\" \/>\n<meta name=\"twitter:card\" content=\"summary_large_image\" \/>\n<meta name=\"twitter:label1\" content=\"Gesch\u00e4tzte Lesezeit\" \/>\n\t<meta name=\"twitter:data1\" content=\"3\u00a0Minuten\" \/>\n<script type=\"application\/ld+json\" class=\"yoast-schema-graph\">{\"@context\":\"https:\\\/\\\/schema.org\",\"@graph\":[{\"@type\":\"WebPage\",\"@id\":\"https:\\\/\\\/rapiddweller.com\\\/de\\\/partnerships\\\/\",\"url\":\"https:\\\/\\\/rapiddweller.com\\\/de\\\/partnerships\\\/\",\"name\":\"Unsere Partnerschaften | rapiddweller\",\"isPartOf\":{\"@id\":\"https:\\\/\\\/rapiddweller.com\\\/de\\\/#website\"},\"primaryImageOfPage\":{\"@id\":\"https:\\\/\\\/rapiddweller.com\\\/de\\\/partnerships\\\/#primaryimage\"},\"image\":{\"@id\":\"https:\\\/\\\/rapiddweller.com\\\/de\\\/partnerships\\\/#primaryimage\"},\"thumbnailUrl\":\"https:\\\/\\\/rapiddweller.com\\\/wp-content\\\/uploads\\\/sites\\\/12\\\/sites\\\/12\\\/2025\\\/10\\\/FAQ-Hero.jpg\",\"datePublished\":\"2025-10-09T03:46:47+00:00\",\"dateModified\":\"2025-11-10T14:05:33+00:00\",\"description\":\"rapiddweller baut langfristige Technologiepartnerschaften auf, unterst\u00fctzt durch DATAMIMIC und Web-Expertise f\u00fcr Softwarequalit\u00e4t und SEO-Wachstum.\",\"breadcrumb\":{\"@id\":\"https:\\\/\\\/rapiddweller.com\\\/de\\\/partnerships\\\/#breadcrumb\"},\"inLanguage\":\"de\",\"potentialAction\":[{\"@type\":\"ReadAction\",\"target\":[\"https:\\\/\\\/rapiddweller.com\\\/de\\\/partnerships\\\/\"]}]},{\"@type\":\"ImageObject\",\"inLanguage\":\"de\",\"@id\":\"https:\\\/\\\/rapiddweller.com\\\/de\\\/partnerships\\\/#primaryimage\",\"url\":\"https:\\\/\\\/rapiddweller.com\\\/wp-content\\\/uploads\\\/sites\\\/12\\\/sites\\\/12\\\/2025\\\/10\\\/FAQ-Hero.jpg\",\"contentUrl\":\"https:\\\/\\\/rapiddweller.com\\\/wp-content\\\/uploads\\\/sites\\\/12\\\/sites\\\/12\\\/2025\\\/10\\\/FAQ-Hero.jpg\"},{\"@type\":\"BreadcrumbList\",\"@id\":\"https:\\\/\\\/rapiddweller.com\\\/de\\\/partnerships\\\/#breadcrumb\",\"itemListElement\":[{\"@type\":\"ListItem\",\"position\":1,\"name\":\"Home\",\"item\":\"https:\\\/\\\/rapiddweller.com\\\/de\\\/\"},{\"@type\":\"ListItem\",\"position\":2,\"name\":\"Unsere vertrauensw\u00fcrdigen Partnerschaften\"}]},{\"@type\":\"WebSite\",\"@id\":\"https:\\\/\\\/rapiddweller.com\\\/de\\\/#website\",\"url\":\"https:\\\/\\\/rapiddweller.com\\\/de\\\/\",\"name\":\"rapiddweller\",\"description\":\"\",\"publisher\":{\"@id\":\"https:\\\/\\\/rapiddweller.com\\\/de\\\/#organization\"},\"potentialAction\":[{\"@type\":\"SearchAction\",\"target\":{\"@type\":\"EntryPoint\",\"urlTemplate\":\"https:\\\/\\\/rapiddweller.com\\\/de\\\/?s={search_term_string}\"},\"query-input\":{\"@type\":\"PropertyValueSpecification\",\"valueRequired\":true,\"valueName\":\"search_term_string\"}}],\"inLanguage\":\"de\"},{\"@type\":\"Organization\",\"@id\":\"https:\\\/\\\/rapiddweller.com\\\/de\\\/#organization\",\"name\":\"rapiddweller\",\"url\":\"https:\\\/\\\/rapiddweller.com\\\/de\\\/\",\"logo\":{\"@type\":\"ImageObject\",\"inLanguage\":\"de\",\"@id\":\"https:\\\/\\\/rapiddweller.com\\\/de\\\/#\\\/schema\\\/logo\\\/image\\\/\",\"url\":\"https:\\\/\\\/rapiddweller.com\\\/wp-content\\\/uploads\\\/sites\\\/12\\\/2025\\\/09\\\/rapiddweller_logo_white400w.png\",\"contentUrl\":\"https:\\\/\\\/rapiddweller.com\\\/wp-content\\\/uploads\\\/sites\\\/12\\\/2025\\\/09\\\/rapiddweller_logo_white400w.png\",\"width\":400,\"height\":109,\"caption\":\"rapiddweller\"},\"image\":{\"@id\":\"https:\\\/\\\/rapiddweller.com\\\/de\\\/#\\\/schema\\\/logo\\\/image\\\/\"}}]}<\/script>","yoast_head_json":{"title":"Unsere Partnerschaften | rapiddweller","description":"rapiddweller baut langfristige Technologiepartnerschaften auf, unterst\u00fctzt durch DATAMIMIC und Web-Expertise f\u00fcr Softwarequalit\u00e4t und SEO-Wachstum.","robots":{"index":"index","follow":"follow","max-snippet":"max-snippet:-1","max-image-preview":"max-image-preview:large","max-video-preview":"max-video-preview:-1"},"canonical":"https:\/\/rapiddweller.com\/de\/partnerships\/","og_locale":"de_DE","og_type":"article","og_title":"Unsere Partnerschaften | rapiddweller","og_description":"rapiddweller baut langfristige Technologiepartnerschaften auf, unterst\u00fctzt durch DATAMIMIC und Web-Expertise f\u00fcr Softwarequalit\u00e4t und SEO-Wachstum.","og_url":"https:\/\/rapiddweller.com\/de\/partnerships\/","og_site_name":"rapiddweller","article_modified_time":"2025-11-10T14:05:33+00:00","og_image":[{"width":2560,"height":1951,"url":"https:\/\/rapiddweller.com\/wp-content\/uploads\/sites\/12\/2025\/10\/FAQ-Hero.jpg","type":"image\/jpeg"}],"twitter_card":"summary_large_image","twitter_misc":{"Gesch\u00e4tzte Lesezeit":"3\u00a0Minuten"},"schema":{"@context":"https:\/\/schema.org","@graph":[{"@type":"WebPage","@id":"https:\/\/rapiddweller.com\/de\/partnerships\/","url":"https:\/\/rapiddweller.com\/de\/partnerships\/","name":"Unsere Partnerschaften | rapiddweller","isPartOf":{"@id":"https:\/\/rapiddweller.com\/de\/#website"},"primaryImageOfPage":{"@id":"https:\/\/rapiddweller.com\/de\/partnerships\/#primaryimage"},"image":{"@id":"https:\/\/rapiddweller.com\/de\/partnerships\/#primaryimage"},"thumbnailUrl":"https:\/\/rapiddweller.com\/wp-content\/uploads\/sites\/12\/sites\/12\/2025\/10\/FAQ-Hero.jpg","datePublished":"2025-10-09T03:46:47+00:00","dateModified":"2025-11-10T14:05:33+00:00","description":"rapiddweller baut langfristige Technologiepartnerschaften auf, unterst\u00fctzt durch DATAMIMIC und Web-Expertise f\u00fcr Softwarequalit\u00e4t und SEO-Wachstum.","breadcrumb":{"@id":"https:\/\/rapiddweller.com\/de\/partnerships\/#breadcrumb"},"inLanguage":"de","potentialAction":[{"@type":"ReadAction","target":["https:\/\/rapiddweller.com\/de\/partnerships\/"]}]},{"@type":"ImageObject","inLanguage":"de","@id":"https:\/\/rapiddweller.com\/de\/partnerships\/#primaryimage","url":"https:\/\/rapiddweller.com\/wp-content\/uploads\/sites\/12\/sites\/12\/2025\/10\/FAQ-Hero.jpg","contentUrl":"https:\/\/rapiddweller.com\/wp-content\/uploads\/sites\/12\/sites\/12\/2025\/10\/FAQ-Hero.jpg"},{"@type":"BreadcrumbList","@id":"https:\/\/rapiddweller.com\/de\/partnerships\/#breadcrumb","itemListElement":[{"@type":"ListItem","position":1,"name":"Home","item":"https:\/\/rapiddweller.com\/de\/"},{"@type":"ListItem","position":2,"name":"Unsere vertrauensw\u00fcrdigen Partnerschaften"}]},{"@type":"WebSite","@id":"https:\/\/rapiddweller.com\/de\/#website","url":"https:\/\/rapiddweller.com\/de\/","name":"rapiddweller","description":"","publisher":{"@id":"https:\/\/rapiddweller.com\/de\/#organization"},"potentialAction":[{"@type":"SearchAction","target":{"@type":"EntryPoint","urlTemplate":"https:\/\/rapiddweller.com\/de\/?s={search_term_string}"},"query-input":{"@type":"PropertyValueSpecification","valueRequired":true,"valueName":"search_term_string"}}],"inLanguage":"de"},{"@type":"Organization","@id":"https:\/\/rapiddweller.com\/de\/#organization","name":"rapiddweller","url":"https:\/\/rapiddweller.com\/de\/","logo":{"@type":"ImageObject","inLanguage":"de","@id":"https:\/\/rapiddweller.com\/de\/#\/schema\/logo\/image\/","url":"https:\/\/rapiddweller.com\/wp-content\/uploads\/sites\/12\/2025\/09\/rapiddweller_logo_white400w.png","contentUrl":"https:\/\/rapiddweller.com\/wp-content\/uploads\/sites\/12\/2025\/09\/rapiddweller_logo_white400w.png","width":400,"height":109,"caption":"rapiddweller"},"image":{"@id":"https:\/\/rapiddweller.com\/de\/#\/schema\/logo\/image\/"}}]}},"_links":{"self":[{"href":"https:\/\/rapiddweller.com\/de\/wp-json\/wp\/v2\/pages\/4013","targetHints":{"allow":["GET"]}}],"collection":[{"href":"https:\/\/rapiddweller.com\/de\/wp-json\/wp\/v2\/pages"}],"about":[{"href":"https:\/\/rapiddweller.com\/de\/wp-json\/wp\/v2\/types\/page"}],"author":[{"embeddable":true,"href":"https:\/\/rapiddweller.com\/de\/wp-json\/wp\/v2\/users\/5"}],"replies":[{"embeddable":true,"href":"https:\/\/rapiddweller.com\/de\/wp-json\/wp\/v2\/comments?post=4013"}],"version-history":[{"count":0,"href":"https:\/\/rapiddweller.com\/de\/wp-json\/wp\/v2\/pages\/4013\/revisions"}],"wp:attachment":[{"href":"https:\/\/rapiddweller.com\/de\/wp-json\/wp\/v2\/media?parent=4013"}],"curies":[{"name":"wp","href":"https:\/\/api.w.org\/{rel}","templated":true}]}}